{"id":77,"date":"2017-08-30T13:55:03","date_gmt":"2017-08-30T13:55:03","guid":{"rendered":"http:\/\/lahoradelcampo.com.uy\/site\/?page_id=77"},"modified":"2024-12-11T08:13:25","modified_gmt":"2024-12-11T11:13:25","slug":"contacto","status":"publish","type":"page","link":"https:\/\/lahoradelcampo.com.uy\/site\/contacto\/","title":{"rendered":"Contacto"},"content":{"rendered":"<p><a href=\"http:\/\/lahoradelcampo.com.uy\/site\/\" target=\"_self\">lahoradelcampo.com.uy<\/a> |<br \/>\nDirecci\u00f3n General: Luis Andiarena<br \/>\nProducci\u00f3n Comercial: Luis Silva \u2013 <a href=\"tel:099535064\">099 535 064<\/a><br \/>\nEmail: <a href=\"mailto:info@lahoradelcampo.com.uy\">info@lahoradelcampo.com.uy<\/a><\/p>\n<p>Favor de rellenar los campos.<\/p>\n<p>\n<span style=\"position: absolute; left: -9655px; width: 1px; height: 1px;\"><\/p>\n<p>\n<\/span><\/p>\n<div class=\"cf_info\" id=\"usermessagea\"><\/div>\n<form action=\"\/site\/wp-json\/wp\/v2\/pages#usermessagea\" class=\"cform contacto\" enctype=\"multipart\/form-data\" id=\"cformsform\" method=\"post\">\n<ol class=\"cf-ol\">\n<li class=\"\" id=\"li--1\"><label for=\"cf_field_1\" id=\"label--1\"><span>Nombre <\/span><\/label><input class=\"single fldrequired\" id=\"cf_field_1\" name=\"cf_field_1\" onblur=\"setField(this)\" onfocus=\"clearField(this)\" title=\"\" type=\"text\" value=\"\"\/><span class=\"reqtxt\">(requerido)<\/span><\/li>\n<li class=\"\" id=\"li--2\"><label for=\"cf_field_2\" id=\"label--2\"><span>Apellido<\/span><\/label><input class=\"single fldrequired\" id=\"cf_field_2\" name=\"cf_field_2\" onblur=\"setField(this)\" onfocus=\"clearField(this)\" title=\"\" type=\"text\" value=\"\"\/><span class=\"reqtxt\">(requerido)<\/span><\/li>\n<li class=\"\" id=\"li--3\"><label for=\"cf_field_3\" id=\"label--3\"><span>Tel\u00e9fono<\/span><\/label><input class=\"single fldrequired\" id=\"cf_field_3\" name=\"cf_field_3\" title=\"\" type=\"text\" value=\"\"\/><span class=\"reqtxt\">(requerido)<\/span><\/li>\n<li class=\"\" id=\"li--4\"><label for=\"cf_field_4\" id=\"label--4\"><span>Ocupaci\u00f3n<\/span><\/label><input class=\"single fldrequired\" id=\"cf_field_4\" name=\"cf_field_4\" title=\"\" type=\"text\" value=\"\"\/><span class=\"reqtxt\">(requerido)<\/span><\/li>\n<li class=\"\" id=\"li--5\"><label for=\"cf_field_5\" id=\"label--5\"><span>Actividad Productiva<\/span><\/label><input class=\"single fldrequired\" id=\"cf_field_5\" name=\"cf_field_5\" title=\"\" type=\"text\" value=\"\"\/><span class=\"reqtxt\">(requerido)<\/span><\/li>\n<li class=\"\" id=\"li--6\"><label for=\"cf_field_6\" id=\"label--6\"><span>Email<\/span><\/label><input class=\"single fldemail fldrequired\" id=\"cf_field_6\" name=\"cf_field_6\" title=\"\" type=\"text\" value=\"\"\/><span class=\"emailreqtxt\">(email v\u00e1lido requerido)<\/span><\/li>\n<li class=\"\" id=\"li--7\"><label class=\"cf-before\" for=\"cf_field_7\" id=\"label--7\"><span>Desea suscribirse al newsletter<\/span><\/label><input class=\"cf-box-b\" id=\"cf_field_7\" name=\"cf_field_7\" title=\"\" type=\"checkbox\"\/><\/li>\n<li class=\"\" id=\"li--8\"><label for=\"cf_field_8\" id=\"label--8\"><span>Mensaje<\/span><\/label><textarea class=\"area\" cols=\"30\" id=\"cf_field_8\" name=\"cf_field_8\" rows=\"8\" title=\"\"><\/textarea><\/li>\n<\/ol>\n<fieldset class=\"cf_hidden\">\n<legend>\u00a0<\/legend>\n<p>\n<span style=\"position: absolute; left: -9655px; width: 1px; height: 1px;\"><\/p>\n<p><\/span><br \/>\n<input id=\"cf_working\" name=\"cf_working\" type=\"hidden\" value=\"&lt;span&gt;Un momento por favor..&lt;\/span&gt;\"\/><input id=\"cf_failure\" name=\"cf_failure\" type=\"hidden\" value=\"&lt;span&gt;Favor de rellenar todos los campos&lt;\/span&gt;\"\/><input id=\"cf_customerr\" name=\"cf_customerr\" type=\"hidden\" value=\"y\"\/><\/p>\n<\/fieldset>\n<p class=\"cf-sb\"><input class=\"sendbutton\" id=\"sendbutton\" name=\"sendbutton\" type=\"submit\" value=\"Enviar\"\/><\/p>\n<\/form>\n<div class=\"cf_info\" id=\"usermessageb\"><\/div>\n","protected":false},"excerpt":{"rendered":"<p>lahoradelcampo.com.uy | Direcci\u00f3n General: Luis Andiarena Producci\u00f3n Comercial: Luis Silva \u2013 099 535 064 Email: info@lahoradelcampo.com.uy Favor de rellenar los campos. Nombre (requerido) Apellido(requerido) Tel\u00e9fono(requerido) Ocupaci\u00f3n(requerido) Actividad Productiva(requerido) Email(email v\u00e1lido [&hellip;]<\/p>\n","protected":false},"author":3,"featured_media":0,"parent":0,"menu_order":0,"comment_status":"closed","ping_status":"closed","template":"","meta":{"_price":"","_stock":"","_tribe_ticket_header":"","_tribe_default_ticket_provider":"","_tribe_ticket_capacity":"0","_ticket_start_date":"","_ticket_end_date":"","_tribe_ticket_show_description":"","_tribe_ticket_show_not_going":false,"_tribe_ticket_use_global_stock":"","_tribe_ticket_global_stock_level":"","_global_stock_mode":"","_global_stock_cap":"","_tribe_rsvp_for_event":"","_tribe_ticket_going_count":"","_tribe_ticket_not_going_count":"","_tribe_tickets_list":"[]","_tribe_ticket_has_attendee_info_fields":false,"h5ap_radio_sources":[],"footnotes":"","_tec_slr_enabled":"","_tec_slr_layout":""},"class_list":["post-77","page","type-page","status-publish","hentry"],"jetpack_sharing_enabled":true,"jetpack_shortlink":"https:\/\/wp.me\/P99IaT-1f","jetpack-related-posts":[{"id":467,"url":"https:\/\/lahoradelcampo.com.uy\/site\/pronostico-del-clima\/","url_meta":{"origin":77,"position":0},"title":"Informe Meteorol\u00f3gico de Jos\u00e9 Mar\u00eda Rodr\u00edguez","author":"La Hora del Campo ADMIN","date":"7 septiembre, 2017","format":false,"excerpt":"Informe del 9 de setiembre de 2020 Your browser does not support the audio element.","rel":"","context":"Entrada similar","block_context":{"text":"Entrada similar","link":""},"img":{"alt_text":"","src":"","width":0,"height":0},"classes":[]},{"id":3255,"url":"https:\/\/lahoradelcampo.com.uy\/site\/suscripcion-al-newsletter\/","url_meta":{"origin":77,"position":1},"title":"Suscripci\u00f3n al Newsletter","author":"La Hora del Campo","date":"27 octubre, 2017","format":false,"excerpt":"* indicates required Email Address * First Name * Last Name * Birthday \/ ( mm \/ dd )","rel":"","context":"Entrada similar","block_context":{"text":"Entrada similar","link":""},"img":{"alt_text":"","src":"","width":0,"height":0},"classes":[]},{"id":2,"url":"https:\/\/lahoradelcampo.com.uy\/site\/pagina-ejemplo\/","url_meta":{"origin":77,"position":2},"title":"P\u00e1gina de ejemplo","author":"p4000672","date":"6 noviembre, 2013","format":false,"excerpt":"Esto es una p\u00e1gina de ejemplo. Es diferente a una entrada porque permanece fija en un lugar y se mostrar\u00e1 en la navegaci\u00f3n de tu sitio (en la mayor\u00eda de los temas). La mayor\u00eda de la gente empieza con una p\u00e1gina de Acerca de, que les presenta a los potenciales\u2026","rel":"","context":"Entrada similar","block_context":{"text":"Entrada similar","link":""},"img":{"alt_text":"","src":"https:\/\/i0.wp.com\/lahoradelcampo.com.uy\/site\/wp-content\/uploads\/2021\/09\/Don-roberto.gif?fit=800%2C300&ssl=1&resize=350%2C200","width":350,"height":200,"srcset":"https:\/\/i0.wp.com\/lahoradelcampo.com.uy\/site\/wp-content\/uploads\/2021\/09\/Don-roberto.gif?fit=800%2C300&ssl=1&resize=350%2C200 1x, https:\/\/i0.wp.com\/lahoradelcampo.com.uy\/site\/wp-content\/uploads\/2021\/09\/Don-roberto.gif?fit=800%2C300&ssl=1&resize=525%2C300 1.5x, https:\/\/i0.wp.com\/lahoradelcampo.com.uy\/site\/wp-content\/uploads\/2021\/09\/Don-roberto.gif?fit=800%2C300&ssl=1&resize=700%2C400 2x"},"classes":[]},{"id":243,"url":"https:\/\/lahoradelcampo.com.uy\/site\/","url_meta":{"origin":77,"position":3},"title":"Inicio","author":"La Hora del Campo ADMIN","date":"4 septiembre, 2017","format":false,"excerpt":"","rel":"","context":"Entrada similar","block_context":{"text":"Entrada similar","link":""},"img":{"alt_text":"","src":"","width":0,"height":0},"classes":[]},{"id":343,"url":"https:\/\/lahoradelcampo.com.uy\/site\/programas-anteriores\/","url_meta":{"origin":77,"position":4},"title":"Programas anteriores","author":"La Hora del Campo ADMIN","date":"5 septiembre, 2017","format":false,"excerpt":"Programa Edici\u00f3n 11.216, del jueves 18 de abril de 2024 Your browser does not support the audio element. Programa Edici\u00f3n 11.215, del mi\u00e9rcoles 17 de abril de 2024 Your browser does not support the audio element. Programa Edici\u00f3n 11.214, del martes 16 de abril de 2024 Your browser does not\u2026","rel":"","context":"Entrada similar","block_context":{"text":"Entrada similar","link":""},"img":{"alt_text":"","src":"","width":0,"height":0},"classes":[]}],"jetpack_likes_enabled":true,"ticketed":false,"_links":{"self":[{"href":"https:\/\/lahoradelcampo.com.uy\/site\/wp-json\/wp\/v2\/pages\/77","targetHints":{"allow":["GET"]}}],"collection":[{"href":"https:\/\/lahoradelcampo.com.uy\/site\/wp-json\/wp\/v2\/pages"}],"about":[{"href":"https:\/\/lahoradelcampo.com.uy\/site\/wp-json\/wp\/v2\/types\/page"}],"author":[{"embeddable":true,"href":"https:\/\/lahoradelcampo.com.uy\/site\/wp-json\/wp\/v2\/users\/3"}],"replies":[{"embeddable":true,"href":"https:\/\/lahoradelcampo.com.uy\/site\/wp-json\/wp\/v2\/comments?post=77"}],"version-history":[{"count":6,"href":"https:\/\/lahoradelcampo.com.uy\/site\/wp-json\/wp\/v2\/pages\/77\/revisions"}],"predecessor-version":[{"id":55261,"href":"https:\/\/lahoradelcampo.com.uy\/site\/wp-json\/wp\/v2\/pages\/77\/revisions\/55261"}],"wp:attachment":[{"href":"https:\/\/lahoradelcampo.com.uy\/site\/wp-json\/wp\/v2\/media?parent=77"}],"curies":[{"name":"wp","href":"https:\/\/api.w.org\/{rel}","templated":true}]}}